{"id":37,"date":"2026-04-27T13:56:14","date_gmt":"2026-04-27T13:56:14","guid":{"rendered":"https:\/\/127.0.0.1\/transfer2cube\/freund24.com\/en\/?page_id=37"},"modified":"2026-05-07T15:56:12","modified_gmt":"2026-05-07T15:56:12","slug":"rituals","status":"publish","type":"page","link":"https:\/\/freund24.com\/en\/rituals\/","title":{"rendered":"Rituals"},"content":{"rendered":"\n<div class=\"wp-block-cover is-light has-custom-content-position is-position-bottom-center is-style-fulltop subselect\" style=\"min-height:100vh;aspect-ratio:unset;\"><img loading=\"lazy\" decoding=\"async\" width=\"1024\" height=\"512\" class=\"wp-block-cover__image-background wp-image-181 size-full\" alt=\"Online and local rituals\" src=\"https:\/\/freund24.com\/starlink\/en\/..\/..\/en\/media\/online-and-local-rituals.png\" data-object-fit=\"cover\" srcset=\"https:\/\/freund24.com\/starlink\/en\/..\/..\/en\/media\/online-and-local-rituals.png 1024w, https:\/\/freund24.com\/starlink\/en\/..\/..\/en\/media\/online-and-local-rituals-300x150.png 300w, https:\/\/freund24.com\/starlink\/en\/..\/..\/en\/media\/online-and-local-rituals-768x384.png 768w\" sizes=\"auto, (max-width: 1024px) 100vw, 1024px\" \/><span aria-hidden=\"true\" class=\"wp-block-cover__background has-background-dim-0 has-background-dim\" style=\"background-color:#d2d4d6\"><\/span><div class=\"wp-block-cover__inner-container is-layout-constrained wp-block-cover-is-layout-constrained\">\n<h1 class=\"wp-block-heading has-text-align-center is-style-textshadow padding20 has-white-color has-text-color has-background has-link-color wp-elements-0730511e1175493b553e5db0ad568b17\" style=\"background-color:#00000078\">Rituals and active experience: take life into your own hands<\/h1>\n<\/div><\/div>\n\n\n\n<div style=\"height:50px\" aria-hidden=\"true\" class=\"wp-block-spacer\"><\/div>\n\n\n\n<p class=\"is-style-mid80 block\">Here you find effective rituals and spiritual practices, as well as life-help with special techniques. There are countless rituals in shamanism. Rituals make sense for two things: always doing things the same that work for you and as a personally adapted action within processes and life situations.<\/p>\n\n\n\n<div style=\"height:29px\" aria-hidden=\"true\" class=\"wp-block-spacer\"><\/div>\n\n\n\n<h2 class=\"wp-block-heading is-style-mid80\">Actively experience and change<\/h2>\n\n\n\n<div style=\"height:20px\" aria-hidden=\"true\" class=\"wp-block-spacer\"><\/div>\n\n\n\n<div class=\"wp-block-columns is-style-mid80 keep2 is-layout-flex wp-container-core-columns-is-layout-9d6595d7 wp-block-columns-is-layout-flex\">\n<div class=\"wp-block-column is-style-linkbox is-layout-flow wp-block-column-is-layout-flow\">\n<div class=\"wp-block-cover is-light has-custom-content-position is-position-bottom-center is-style-subselect\" style=\"min-height:240px;aspect-ratio:unset;\"><img decoding=\"async\" class=\"wp-block-cover__image-background wp-image-3036 size-medium\" alt=\"R\u00fcckf\u00fchrung fr\u00fchere Leben - die Methode\" src=\"https:\/\/freund24.com\/starlink\/de\/..\/..\/media\/rueckfuehrung-vorgang-300x200.png\" style=\"object-position:53% 100%\" data-object-fit=\"cover\" data-object-position=\"53% 100%\"\/><span aria-hidden=\"true\" class=\"wp-block-cover__background has-background-dim-0 has-background-dim\" style=\"background-color:#a08e8b\"><\/span><div class=\"wp-block-cover__inner-container is-layout-constrained wp-block-cover-is-layout-constrained\">\n<h3 class=\"wp-block-heading has-text-align-center\"><a href=\"https:\/\/freund24.com\/en\/rituals\/past-life\/\" data-type=\"page\" data-id=\"41\">Past Life<\/a><\/h3>\n<\/div><\/div>\n<\/div>\n\n\n\n<div class=\"wp-block-column is-style-linkbox is-layout-flow wp-block-column-is-layout-flow\">\n<div class=\"wp-block-cover has-custom-content-position is-position-bottom-center is-style-subselect\" style=\"min-height:240px;aspect-ratio:unset;\"><img decoding=\"async\" class=\"wp-block-cover__image-background wp-image-2495 size-medium\" alt=\"Kartenlegen Online\" src=\"https:\/\/freund24.com\/starlink\/de\/..\/..\/media\/kartenlegen-300x300.jpg\" data-object-fit=\"cover\"\/><span aria-hidden=\"true\" class=\"wp-block-cover__background has-background-dim-0 has-background-dim\" style=\"background-color:#7d4b3b\"><\/span><div class=\"wp-block-cover__inner-container is-layout-constrained wp-block-cover-is-layout-constrained\">\n<h3 class=\"wp-block-heading has-text-align-center\"><a href=\"https:\/\/freund24.com\/en\/rituals\/kartenlegen-online\/\" data-type=\"page\" data-id=\"39\">Card Reading<\/a><\/h3>\n<\/div><\/div>\n<\/div>\n\n\n\n<div class=\"wp-block-column is-style-linkbox is-layout-flow wp-block-column-is-layout-flow\">\n<div class=\"wp-block-cover is-light has-custom-content-position is-position-bottom-center is-style-subselect\" style=\"min-height:240px;aspect-ratio:unset;\"><img decoding=\"async\" class=\"wp-block-cover__image-background wp-image-2823 size-medium\" alt=\"Wunschbrunnen in den D\u00fcnen von Maspalomas\" src=\"https:\/\/freund24.com\/starlink\/de\/..\/..\/media\/wunschbrunnen-tag-300x200.png\" data-object-fit=\"cover\"\/><span aria-hidden=\"true\" class=\"wp-block-cover__background has-background-dim-0 has-background-dim\" style=\"background-color:#a99fa1\"><\/span><div class=\"wp-block-cover__inner-container is-layout-constrained wp-block-cover-is-layout-constrained\">\n<h3 class=\"wp-block-heading has-text-align-center\"><a href=\"https:\/\/freund24.com\/wunschbrunnen\/\" data-type=\"page\" data-id=\"2711\">Wishing Well<\/a><\/h3>\n<\/div><\/div>\n<\/div>\n\n\n\n<div class=\"wp-block-column is-style-linkbox is-layout-flow wp-block-column-is-layout-flow\">\n<div class=\"wp-block-cover has-custom-content-position is-position-bottom-center is-style-subselect\" style=\"min-height:240px;aspect-ratio:unset;\"><img decoding=\"async\" class=\"wp-block-cover__image-background wp-image-2762 size-medium\" alt=\"Wunschbrunnen Manifestation\" src=\"https:\/\/freund24.com\/starlink\/de\/..\/..\/media\/wunschbrunnen-meditation-300x200.png\" data-object-fit=\"cover\"\/><span aria-hidden=\"true\" class=\"wp-block-cover__background has-background-dim-20 has-background-dim\" style=\"background-color:#833004\"><\/span><div class=\"wp-block-cover__inner-container is-layout-constrained wp-block-cover-is-layout-constrained\">\n<h3 class=\"wp-block-heading has-text-align-center\"><a href=\"https:\/\/freund24.com\/en\/wishing-well\/wish-power\/\" data-type=\"page\" data-id=\"61\">Wish Power<\/a><\/h3>\n<\/div><\/div>\n<\/div>\n<\/div>\n\n\n\n<div style=\"height:20px\" aria-hidden=\"true\" class=\"wp-block-spacer\"><\/div>\n\n\n\n<div class=\"wp-block-columns keep2 is-style-mid80 is-layout-flex wp-container-core-columns-is-layout-9d6595d7 wp-block-columns-is-layout-flex\">\n<div class=\"wp-block-column is-style-linkbox invisible is-layout-flow wp-block-column-is-layout-flow\">\n<div class=\"wp-block-cover is-light has-custom-content-position is-position-bottom-center is-style-subselect\" style=\"min-height:240px;aspect-ratio:unset;\"><img decoding=\"async\" class=\"wp-block-cover__image-background wp-image-2008 size-medium\" alt=\"Therapie Platz am Strand\" src=\"https:\/\/freund24.com\/starlink\/de\/..\/..\/media\/therapie-am-strand-300x200.jpg\" data-object-fit=\"cover\"\/><span aria-hidden=\"true\" class=\"wp-block-cover__background has-background-dim-0 has-background-dim\" style=\"background-color:#a9b3cb\"><\/span><div class=\"wp-block-cover__inner-container is-layout-constrained wp-block-cover-is-layout-constrained\">\n<h3 class=\"wp-block-heading has-text-align-center\"><a href=\"#\" data-type=\"page\" data-id=\"133\">&#8211;<\/a><\/h3>\n<\/div><\/div>\n<\/div>\n\n\n\n<div class=\"wp-block-column is-style-linkbox invisible is-layout-flow wp-block-column-is-layout-flow\">\n<div class=\"wp-block-cover is-light has-custom-content-position is-position-bottom-center is-style-subselect\" style=\"min-height:240px;aspect-ratio:unset;\"><img decoding=\"async\" class=\"wp-block-cover__image-background wp-image-2552 size-medium\" alt=\"Liebesritual mit Wirkung\" src=\"https:\/\/freund24.com\/starlink\/de\/..\/..\/media\/ritual8-komplett-300x200.png\" data-object-fit=\"cover\"\/><span aria-hidden=\"true\" class=\"wp-block-cover__background has-background-dim-0 has-background-dim\" style=\"background-color:#b97e53\"><\/span><div class=\"wp-block-cover__inner-container is-layout-constrained wp-block-cover-is-layout-constrained\">\n<h3 class=\"wp-block-heading has-text-align-center\"><a href=\"#\" data-type=\"page\" data-id=\"144\">Liebesritual<\/a><\/h3>\n<\/div><\/div>\n<\/div>\n\n\n\n<div class=\"wp-block-column is-style-linkbox invisible is-layout-flow wp-block-column-is-layout-flow\">\n<div class=\"wp-block-cover is-light has-custom-content-position is-position-bottom-center is-style-subselect\" style=\"min-height:240px;aspect-ratio:unset;\"><img decoding=\"async\" class=\"wp-block-cover__image-background wp-image-2008 size-medium\" alt=\"Therapie Platz am Strand\" src=\"https:\/\/freund24.com\/starlink\/de\/..\/..\/media\/therapie-am-strand-300x200.jpg\" data-object-fit=\"cover\"\/><span aria-hidden=\"true\" class=\"wp-block-cover__background has-background-dim-0 has-background-dim\" style=\"background-color:#a9b3cb\"><\/span><div class=\"wp-block-cover__inner-container is-layout-constrained wp-block-cover-is-layout-constrained\">\n<h3 class=\"wp-block-heading has-text-align-center\"><a href=\"#\" data-type=\"page\" data-id=\"133\">Selbstverfluchungen<\/a><\/h3>\n<\/div><\/div>\n<\/div>\n<\/div>\n\n\n\n<div style=\"height:20px\" aria-hidden=\"true\" class=\"wp-block-spacer\"><\/div>\n\n\n\n<div class=\"wp-block-columns keep2 is-style-mid80 is-layout-flex wp-container-core-columns-is-layout-9d6595d7 wp-block-columns-is-layout-flex\">\n<div class=\"wp-block-column is-style-linkbox invisible is-layout-flow wp-block-column-is-layout-flow\">\n<div class=\"wp-block-cover has-custom-content-position is-position-bottom-center is-style-subselect\" style=\"min-height:240px;aspect-ratio:unset;\"><img decoding=\"async\" class=\"wp-block-cover__image-background wp-image-2161 size-medium\" alt=\"Gef\u00fchlstwelt\" src=\"https:\/\/freund24.com\/starlink\/de\/..\/..\/media\/placeholder-300x150.png\" data-object-fit=\"cover\"\/><span aria-hidden=\"true\" class=\"wp-block-cover__background has-background-dim-20 has-background-dim\" style=\"background-color:#833004\"><\/span><div class=\"wp-block-cover__inner-container is-layout-constrained wp-block-cover-is-layout-constrained\">\n<h3 class=\"wp-block-heading has-text-align-center\"><a href=\"#\" data-type=\"page\" data-id=\"141\">Gef\u00fchle<\/a><\/h3>\n<\/div><\/div>\n<\/div>\n\n\n\n<div class=\"wp-block-column is-style-linkbox invisible is-layout-flow wp-block-column-is-layout-flow\">\n<div class=\"wp-block-cover is-light has-custom-content-position is-position-bottom-center is-style-subselect\" style=\"min-height:240px;aspect-ratio:unset;\"><img decoding=\"async\" class=\"wp-block-cover__image-background wp-image-2008 size-medium\" alt=\"Therapie Platz am Strand\" src=\"https:\/\/freund24.com\/starlink\/de\/..\/..\/media\/therapie-am-strand-300x200.jpg\" data-object-fit=\"cover\"\/><span aria-hidden=\"true\" class=\"wp-block-cover__background has-background-dim-20 has-background-dim\" style=\"background-color:#833004\"><\/span><div class=\"wp-block-cover__inner-container is-layout-constrained wp-block-cover-is-layout-constrained\">\n<h3 class=\"wp-block-heading has-text-align-center\"><a href=\"#\" data-type=\"page\" data-id=\"141\">Verlorene Kraft<\/a><\/h3>\n<\/div><\/div>\n<\/div>\n\n\n\n<div class=\"wp-block-column is-style-linkbox invisible is-layout-flow wp-block-column-is-layout-flow\">\n<div class=\"wp-block-cover is-light has-custom-content-position is-position-bottom-center is-style-subselect\" style=\"min-height:240px;aspect-ratio:unset;\"><img decoding=\"async\" class=\"wp-block-cover__image-background wp-image-2008 size-medium\" alt=\"Therapie Platz am Strand\" src=\"https:\/\/freund24.com\/starlink\/de\/..\/..\/media\/therapie-am-strand-300x200.jpg\" data-object-fit=\"cover\"\/><span aria-hidden=\"true\" class=\"wp-block-cover__background has-background-dim-20 has-background-dim\" style=\"background-color:#833004\"><\/span><div class=\"wp-block-cover__inner-container is-layout-constrained wp-block-cover-is-layout-constrained\">\n<h3 class=\"wp-block-heading has-text-align-center\"><a href=\"#\" data-type=\"page\" data-id=\"141\">Genogramme<\/a><\/h3>\n<\/div><\/div>\n<\/div>\n<\/div>\n\n\n\n<div style=\"height:20px\" aria-hidden=\"true\" class=\"wp-block-spacer\"><\/div>\n\n\n\n<div class=\"wp-block-columns keep2 is-style-mid80 is-layout-flex wp-container-core-columns-is-layout-9d6595d7 wp-block-columns-is-layout-flex\">\n<div class=\"wp-block-column is-style-linkbox invisible is-layout-flow wp-block-column-is-layout-flow\">\n<div class=\"wp-block-cover is-light has-custom-content-position is-position-bottom-center is-style-subselect\" style=\"min-height:240px;aspect-ratio:unset;\"><img decoding=\"async\" class=\"wp-block-cover__image-background wp-image-2008 size-medium\" alt=\"Therapie Platz am Strand\" src=\"https:\/\/freund24.com\/starlink\/de\/..\/..\/media\/therapie-am-strand-300x200.jpg\" data-object-fit=\"cover\"\/><span aria-hidden=\"true\" class=\"wp-block-cover__background has-background-dim-0 has-background-dim\" style=\"background-color:#a9b3cb\"><\/span><div class=\"wp-block-cover__inner-container is-layout-constrained wp-block-cover-is-layout-constrained\">\n<h3 class=\"wp-block-heading has-text-align-center\"><a href=\"#\" data-type=\"page\" data-id=\"133\">Entscheidungen<\/a><\/h3>\n<\/div><\/div>\n<\/div>\n\n\n\n<div class=\"wp-block-column is-style-linkbox invisible is-layout-flow wp-block-column-is-layout-flow\">\n<div class=\"wp-block-cover is-light has-custom-content-position is-position-bottom-center is-style-subselect\" style=\"min-height:240px;aspect-ratio:unset;\"><img decoding=\"async\" class=\"wp-block-cover__image-background wp-image-2008 size-medium\" alt=\"Therapie Platz am Strand\" src=\"https:\/\/freund24.com\/starlink\/de\/..\/..\/media\/therapie-am-strand-300x200.jpg\" data-object-fit=\"cover\"\/><span aria-hidden=\"true\" class=\"wp-block-cover__background has-background-dim-20 has-background-dim\" style=\"background-color:#833004\"><\/span><div class=\"wp-block-cover__inner-container is-layout-constrained wp-block-cover-is-layout-constrained\">\n<h3 class=\"wp-block-heading has-text-align-center\"><a href=\"#\" data-type=\"page\" data-id=\"141\">Loslassen<\/a><\/h3>\n<\/div><\/div>\n<\/div>\n\n\n\n<div class=\"wp-block-column is-style-linkbox invisible is-layout-flow wp-block-column-is-layout-flow\">\n<div class=\"wp-block-cover is-light has-custom-content-position is-position-bottom-center is-style-subselect\" style=\"min-height:240px;aspect-ratio:unset;\"><img decoding=\"async\" class=\"wp-block-cover__image-background wp-image-2008 size-medium\" alt=\"Therapie Platz am Strand\" src=\"https:\/\/freund24.com\/starlink\/de\/..\/..\/media\/therapie-am-strand-300x200.jpg\" data-object-fit=\"cover\"\/><span aria-hidden=\"true\" class=\"wp-block-cover__background has-background-dim-20 has-background-dim\" style=\"background-color:#833004\"><\/span><div class=\"wp-block-cover__inner-container is-layout-constrained wp-block-cover-is-layout-constrained\">\n<h3 class=\"wp-block-heading has-text-align-center\"><a href=\"#\" data-type=\"page\" data-id=\"141\">&#8211;<\/a><\/h3>\n<\/div><\/div>\n<\/div>\n<\/div>\n\n\n\n<p><\/p>\n\n\n\n<p><\/p>\n\n\n\n<div style=\"height:100px\" aria-hidden=\"true\" class=\"wp-block-spacer\"><\/div>\n<style type=\"text\/css\">#email-notes {display:none; }<\/style>","protected":false},"excerpt":{"rendered":"<p>Here you find effective rituals and spiritual practices, as well as life-help with special techniques. There are countless rituals in shamanism. Rituals make sense for two things: always doing things the same that work for you and as a personally adapted action within processes and life situations. Actively experience and change<\/p>\n","protected":false},"author":1,"featured_media":181,"parent":0,"menu_order":30,"comment_status":"closed","ping_status":"closed","template":"","meta":{"footnotes":""},"class_list":["post-37","page","type-page","status-publish","has-post-thumbnail","hentry"],"_links":{"self":[{"href":"https:\/\/freund24.com\/en\/wp-json\/wp\/v2\/pages\/37","targetHints":{"allow":["GET"]}}],"collection":[{"href":"https:\/\/freund24.com\/en\/wp-json\/wp\/v2\/pages"}],"about":[{"href":"https:\/\/freund24.com\/en\/wp-json\/wp\/v2\/types\/page"}],"author":[{"embeddable":true,"href":"https:\/\/freund24.com\/en\/wp-json\/wp\/v2\/users\/1"}],"replies":[{"embeddable":true,"href":"https:\/\/freund24.com\/en\/wp-json\/wp\/v2\/comments?post=37"}],"version-history":[{"count":3,"href":"https:\/\/freund24.com\/en\/wp-json\/wp\/v2\/pages\/37\/revisions"}],"predecessor-version":[{"id":182,"href":"https:\/\/freund24.com\/en\/wp-json\/wp\/v2\/pages\/37\/revisions\/182"}],"wp:featuredmedia":[{"embeddable":true,"href":"https:\/\/freund24.com\/en\/wp-json\/wp\/v2\/media\/181"}],"wp:attachment":[{"href":"https:\/\/freund24.com\/en\/wp-json\/wp\/v2\/media?parent=37"}],"curies":[{"name":"wp","href":"https:\/\/api.w.org\/{rel}","templated":true}]}}